{"id":29,"date":"2025-06-20T09:14:20","date_gmt":"2025-06-20T09:14:20","guid":{"rendered":"https:\/\/vvu.ab6.mytemp.website\/bks\/?page_id=29"},"modified":"2025-06-20T09:18:55","modified_gmt":"2025-06-20T09:18:55","slug":"njoftimet","status":"publish","type":"page","link":"https:\/\/vvu.ab6.mytemp.website\/bks\/njoftimet\/","title":{"rendered":"Njoftimet"},"content":{"rendered":"\t\t<div data-elementor-type=\"wp-page\" data-elementor-id=\"29\" class=\"elementor elementor-29\">\n\t\t\t\t<div class=\"elementor-element elementor-element-3e8ecc9 e-flex e-con-boxed e-con e-parent\" data-id=\"3e8ecc9\" data-element_type=\"container\" data-e-type=\"container\">\n\t\t\t\t\t<div class=\"e-con-inner\">\n\t\t\t\t<div class=\"elementor-element elementor-element-b7501ca elementor-widget elementor-widget-heading\" data-id=\"b7501ca\" data-element_type=\"widget\" data-e-type=\"widget\" data-widget_type=\"heading.default\">\n\t\t\t\t<div class=\"elementor-widget-container\">\n\t\t\t\t\t<h1 class=\"elementor-heading-title elementor-size-default\">Njoftimet dhe ngjarje<\/h1>\t\t\t\t<\/div>\n\t\t\t\t<\/div>\n\t\t\t\t<div class=\"elementor-element elementor-element-aa029dc elementor-widget elementor-widget-text-editor\" data-id=\"aa029dc\" data-element_type=\"widget\" data-e-type=\"widget\" data-widget_type=\"text-editor.default\">\n\t\t\t\t<div class=\"elementor-widget-container\">\n\t\t\t\t\t\t\t\t\t<p>K\u00ebtu publikohen t\u00eb gjitha njoftimet zyrtare dhe informacionet mbi ngjarjet, aktivitetet dhe iniciativat q\u00eb zhvillon Byroja Kosovare e Sigurimeve (BKS). Q\u00ebllimi i k\u00ebtij seksioni \u00ebsht\u00eb t\u00eb informoj\u00eb publikun dhe pal\u00ebt e interesuara n\u00eb koh\u00eb reale p\u00ebr \u00e7do zhvillim t\u00eb r\u00ebnd\u00ebsish\u00ebm<\/p>\t\t\t\t\t\t\t\t<\/div>\n\t\t\t\t<\/div>\n\t\t\t\t\t<\/div>\n\t\t\t\t<\/div>\n\t\t<div class=\"elementor-element elementor-element-3badd87 e-flex e-con-boxed e-con e-parent\" data-id=\"3badd87\" data-element_type=\"container\" data-e-type=\"container\">\n\t\t\t\t\t<div class=\"e-con-inner\">\n\t\t\t\t<div class=\"elementor-element elementor-element-f453ae6 elementor-widget elementor-widget-text-editor\" data-id=\"f453ae6\" data-element_type=\"widget\" data-e-type=\"widget\" data-widget_type=\"text-editor.default\">\n\t\t\t\t<div class=\"elementor-widget-container\">\n\t\t\t\t\t\t\t\t\t<p>Konkurs Pune:Operator \u2013 Shit\u00ebs i Sigurimit Kufitar n\u00eb Pik\u00ebn Kufitare Vermice<\/p><p class=\"smallText\">\u200b\u200b\u200bData e njoftimit: 23.05.2025<br \/><br \/><b aria-label=\"Text Pozita:\u00a0Operator \u2013 Shit\u00ebs i Sigurimit Kufitar n\u00eb Pik\u00ebn Kufitare Vermice\">Pozita:\u00a0Operator \u2013 Shit\u00ebs i Sigurimit Kufitar n\u00eb Pik\u00ebn Kufitare Vermice<\/b><br \/><br \/><b aria-label=\"Text P\u00ebrshkrimi i shkurt i Pun\u00ebs:\">P\u00ebrshkrimi i shkurt i Pun\u00ebs:<\/b><br \/>1. Ngarkohet dhe shkarkohet me polica kufitare \u00e7do dit\u00eb nga koordinatori,<br \/>2. Shet polica kufitare n\u00eb pajtim me tarifat e parimeve n\u00eb fuqi,<br \/>3. Pas p\u00ebrfundimit t\u00eb orarit t\u00eb pun\u00ebs ia dor\u00ebzon me shkrim primin e inkasuar s\u00eb bashku me kopjen e policave t\u00eb shitura, atyre n\u00eb stok dhe programin kompjuterik,<br \/>4. n\u00eb fund t\u00eb orarit t\u00eb pun\u00ebs i dor\u00ebzon operatorit p\u00ebrgjegj\u00ebs t\u00eb nd\u00ebrrimit shum\u00ebn e sakt\u00eb t\u00eb parave nga policat e shitura dhe t\u00eb parave q\u00eb sh\u00ebrbejn\u00eb p\u00ebr barazim dhe numrin e sakt\u00eb t\u00eb policave t\u00eb shitura dhe atyre n\u00eb stok p\u00ebr t\u00eb cilat n\u00ebnshkruhen n\u00eb ditarin p\u00ebrkat\u00ebs,<br \/>5. \u00ebsht\u00eb p\u00ebrgjegj\u00ebs p\u00ebr gjendjen e inventarit gjat\u00eb nd\u00ebrrimit n\u00eb t\u00eb cilin punon.<br \/><br \/><b aria-label=\"Text Kualifikimet dhe P\u00ebrvoja:\">Kualifikimet dhe P\u00ebrvoja:<\/b><br \/>1. Shkoll\u00eb e lart\u00eb apo e mesme,<br \/>2. Preferohet nj\u00eb vit p\u00ebrvoj\u00eb pune,<br \/>3. Njohja e pun\u00ebs me kompjuter.<br \/>4. Njohja e gjuh\u00ebs angleze e preferueshme.<br \/><br \/><b>Informacion Shtes\u00eb:<br \/><\/b>1. Fleksibilitet ne pozicionin e pun\u00ebs dhe marrjen e p\u00ebrgjegj\u00ebsive shtese sipas nevoj\u00ebs, 2. Mund\u00ebsi p\u00ebr t\u2019u rritur profesionalisht,<br \/>3. Mjedis pune bashk\u00ebpunues,<br \/>4. Orari i pun\u00ebs me nd\u00ebrrime,<br \/>5. Koh\u00ebzgjatja e kontrat\u00ebs p\u00ebr tri (3) pozita t\u00eb pun\u00ebs, koh\u00ebzgjatja do t\u00eb jet\u00eb nj\u00eb (1) vit, nd\u00ebrsa p\u00ebr gjasht\u00eb (6) pozita t\u00eb pun\u00ebs koh\u00ebzgjatja e kontrat\u00ebs do t\u00eb jet\u00eb nga data 01.07.2025 deri me dat\u00eb 31.08.2025 (me mund\u00ebsi vazhdimi)<br \/>6. Preferohet q\u00eb kandidati t\u00eb jet\u00eb nga regjioni i Prizrenit p\u00ebr shkak t\u00eb natyr\u00ebs s\u00eb pun\u00ebs e cila kryhet n\u00eb pik\u00ebn kufitare n\u00eb V\u00ebrmic\u00eb.<br \/><br \/><b>Si t\u00eb aplikohet:\u00a0<\/b><br \/>T\u00eb gjith\u00eb t\u00eb interesuarit mund t\u00eb d\u00ebrgojn\u00eb CV-n\u00eb n\u00eb butonin \u201cApliko K\u00ebto (qe mund te pershtatet)\u201d dhe\/ose p\u00ebrmes email: info@bks-ks.org me p\u00ebrshkrim \u201cOperator i Shitjes n\u00eb Pik\u00ebn Kufitare n\u00eb V\u00ebrmic\u00eb\u201d, deri m\u00eb dat\u00ebn\u00a001\/06\/2025.<\/p>\t\t\t\t\t\t\t\t<\/div>\n\t\t\t\t<\/div>\n\t\t\t\t\t<\/div>\n\t\t\t\t<\/div>\n\t\t<div class=\"elementor-element elementor-element-b1d0217 e-flex e-con-boxed e-con e-parent\" data-id=\"b1d0217\" data-element_type=\"container\" data-e-type=\"container\">\n\t\t\t\t\t<div class=\"e-con-inner\">\n\t\t<div class=\"elementor-element elementor-element-fcb9c97 e-con-full e-flex e-con e-child\" data-id=\"fcb9c97\" data-element_type=\"container\" data-e-type=\"container\">\n\t\t\t\t<div class=\"elementor-element elementor-element-c556c06 elementor-widget elementor-widget-heading\" data-id=\"c556c06\" data-element_type=\"widget\" data-e-type=\"widget\" data-widget_type=\"heading.default\">\n\t\t\t\t<div class=\"elementor-widget-container\">\n\t\t\t\t\t<h3 class=\"elementor-heading-title elementor-size-default\">Thirrje p\u00ebr Aplikim p\u00ebr Furnizime me UPS p\u00ebr Pikat Kufitare!\n<\/h3>\t\t\t\t<\/div>\n\t\t\t\t<\/div>\n\t\t\t\t<div class=\"elementor-element elementor-element-9b60d13 elementor-widget elementor-widget-text-editor\" data-id=\"9b60d13\" data-element_type=\"widget\" data-e-type=\"widget\" data-widget_type=\"text-editor.default\">\n\t\t\t\t<div class=\"elementor-widget-container\">\n\t\t\t\t\t\t\t\t\t<p>Data e njoftimit: 25.04.2025<br \/><br \/>BKS \u00ebsht\u00eb n\u00eb k\u00ebrkim t\u00eb nj\u00eb operatori ekonomik t\u00eb kualifikuar p\u00ebr furnizimin me pajisje UPS (Uninterruptible Power Supply) p\u00ebr t\u00eb siguruar mbajtjen e vazhdueshme t\u00eb energjis\u00eb elektrike n\u00eb rast t\u00eb nd\u00ebrprerjeve, n\u00eb t\u00eb gjitha pikat kufitare.<br \/>\ud83d\udd39 Sasia totale:\u00a0<b>22<\/b>\u00a0nj\u00ebsi<br \/>\u00a0\ud83d\udd39Kapaciteti:\u00a0<b>1200VA<\/b>\u00a0deri\u00a0<b>2000VA<\/b><br \/>Pajisjet duhet t\u00eb jen\u00eb t\u00eb certifikuara, t\u00eb besueshme p\u00ebr p\u00ebrdorim n\u00eb ambiente institucionale, dhe t\u00eb p\u00ebrfshijn\u00eb garanci prodhuesi.<br \/><br \/>\ud83d\udd39 Afati i fundit p\u00ebr aplikime: 20.05.2025<br \/>T\u00eb gjitha aplikimet duhet t\u00eb d\u00ebrgohen n\u00eb adres\u00ebn e emailit: infocenter@bks-ks.org<\/p>\t\t\t\t\t\t\t\t<\/div>\n\t\t\t\t<\/div>\n\t\t\t\t<\/div>\n\t\t<div class=\"elementor-element elementor-element-df96fb2 e-con-full e-flex e-con e-child\" data-id=\"df96fb2\" data-element_type=\"container\" data-e-type=\"container\">\n\t\t\t\t<div class=\"elementor-element elementor-element-b4d6434 elementor-widget elementor-widget-heading\" data-id=\"b4d6434\" data-element_type=\"widget\" data-e-type=\"widget\" data-widget_type=\"heading.default\">\n\t\t\t\t<div class=\"elementor-widget-container\">\n\t\t\t\t\t<h3 class=\"elementor-heading-title elementor-size-default\">Thirrje p\u00ebr Aplikim p\u00ebr Ridizajnimin e Web Faqes!<\/h3>\t\t\t\t<\/div>\n\t\t\t\t<\/div>\n\t\t\t\t<div class=\"elementor-element elementor-element-5fb2cfd elementor-widget elementor-widget-text-editor\" data-id=\"5fb2cfd\" data-element_type=\"widget\" data-e-type=\"widget\" data-widget_type=\"text-editor.default\">\n\t\t\t\t<div class=\"elementor-widget-container\">\n\t\t\t\t\t\t\t\t\t<p>Data e njoftimit: 27.03.2025<br \/><br \/>\u00a0Ne jemi duke k\u00ebrkuar nj\u00eb kompani t\u00eb besueshme dhe t\u00eb kualifikuar p\u00ebr t\u00eb realizuar ridizajnimin dhe zhvillimin e web faqes son\u00eb. Ky projekt ka p\u00ebr q\u00ebllim modernizimin e faqeve tona, p\u00ebrmir\u00ebsimin e performanc\u00ebs, dhe ofrimin e nj\u00eb p\u00ebrvoje m\u00eb t\u00eb mir\u00eb p\u00ebrdoruesi. Faqja jon\u00eb duhet t\u00eb jet\u00eb m\u00eb e shpejt\u00eb, m\u00eb e leht\u00eb p\u00ebr t\u2019u p\u00ebrdorur dhe t\u00eb p\u00ebrshtatet m\u00eb mir\u00eb p\u00ebr pajisjet mobile dhe desktop.<br \/><br \/>\u00a0\ud83d\udd39 Afati i fundit p\u00ebr aplikime: 10.04.2025 T\u00eb gjitha aplikimet duhet t\u00eb d\u00ebrgohen n\u00eb adres\u00ebn e emailit: infocenter@bks-ks.org<\/p>\t\t\t\t\t\t\t\t<\/div>\n\t\t\t\t<\/div>\n\t\t\t\t<\/div>\n\t\t<div class=\"elementor-element elementor-element-03e3d04 e-con-full e-flex e-con e-child\" data-id=\"03e3d04\" data-element_type=\"container\" data-e-type=\"container\">\n\t\t\t\t<div class=\"elementor-element elementor-element-6af0022 elementor-widget elementor-widget-heading\" data-id=\"6af0022\" data-element_type=\"widget\" data-e-type=\"widget\" data-widget_type=\"heading.default\">\n\t\t\t\t<div class=\"elementor-widget-container\">\n\t\t\t\t\t<h3 class=\"elementor-heading-title elementor-size-default\">Konkurs Pune: Administrator i Sistemeve\n<\/h3>\t\t\t\t<\/div>\n\t\t\t\t<\/div>\n\t\t\t\t<div class=\"elementor-element elementor-element-ce02954 elementor-widget elementor-widget-text-editor\" data-id=\"ce02954\" data-element_type=\"widget\" data-e-type=\"widget\" data-widget_type=\"text-editor.default\">\n\t\t\t\t<div class=\"elementor-widget-container\">\n\t\t\t\t\t\t\t\t\t<p>\u200b\u200b\u200bData e njoftimit: 21.03.2025<br \/><br \/>Pozita: Administrator i Sistemeve (System Administrator)<br \/><br \/>P\u00ebrshkrimi i shkurt i Pun\u00ebs: Q\u00ebllimi kryesor i pozit\u00ebs s\u00eb Administratorit t\u00eb Sistemeve \u00ebsht\u00eb t\u00eb siguroj\u00eb funksionimin optimal, t\u00eb q\u00ebndruesh\u00ebm dhe t\u00eb sigurt t\u00eb infrastruktur\u00ebs teknologjike t\u00eb organizat\u00ebs. Kjo p\u00ebrfshin mir\u00ebmbajtjen, konfigurimin dhe monitorimin e sistemeve IT, si dhe zgjidhjen e problemeve teknike p\u00ebr t\u00eb mb\u00ebshtetur proceset operacionale dhe strategjike t\u00eb organizat\u00ebs.<br \/><br \/>\u00a0\ud83d\udd39 Afati i fundit p\u00ebr aplikim: 3 Prill 2025<\/p>\t\t\t\t\t\t\t\t<\/div>\n\t\t\t\t<\/div>\n\t\t\t\t<\/div>\n\t\t\t\t\t<\/div>\n\t\t\t\t<\/div>\n\t\t\t\t<\/div>\n\t\t","protected":false},"excerpt":{"rendered":"<p>Njoftimet dhe ngjarje K\u00ebtu publikohen t\u00eb gjitha njoftimet zyrtare dhe informacionet mbi ngjarjet, aktivitetet dhe iniciativat q\u00eb zhvillon Byroja Kosovare e Sigurimeve (BKS). Q\u00ebllimi i k\u00ebtij seksioni \u00ebsht\u00eb t\u00eb informoj\u00eb publikun dhe pal\u00ebt e interesuara n\u00eb koh\u00eb reale p\u00ebr \u00e7do zhvillim t\u00eb r\u00ebnd\u00ebsish\u00ebm Konkurs Pune:Operator \u2013 Shit\u00ebs i Sigurimit Kufitar n\u00eb Pik\u00ebn Kufitare Vermice \u200b\u200b\u200bData [&hellip;]<\/p>\n","protected":false},"author":1,"featured_media":0,"parent":0,"menu_order":0,"comment_status":"closed","ping_status":"closed","template":"","meta":{"footnotes":""},"class_list":["post-29","page","type-page","status-publish","hentry"],"_links":{"self":[{"href":"https:\/\/vvu.ab6.mytemp.website\/bks\/wp-json\/wp\/v2\/pages\/29","targetHints":{"allow":["GET"]}}],"collection":[{"href":"https:\/\/vvu.ab6.mytemp.website\/bks\/wp-json\/wp\/v2\/pages"}],"about":[{"href":"https:\/\/vvu.ab6.mytemp.website\/bks\/wp-json\/wp\/v2\/types\/page"}],"author":[{"embeddable":true,"href":"https:\/\/vvu.ab6.mytemp.website\/bks\/wp-json\/wp\/v2\/users\/1"}],"replies":[{"embeddable":true,"href":"https:\/\/vvu.ab6.mytemp.website\/bks\/wp-json\/wp\/v2\/comments?post=29"}],"version-history":[{"count":4,"href":"https:\/\/vvu.ab6.mytemp.website\/bks\/wp-json\/wp\/v2\/pages\/29\/revisions"}],"predecessor-version":[{"id":33,"href":"https:\/\/vvu.ab6.mytemp.website\/bks\/wp-json\/wp\/v2\/pages\/29\/revisions\/33"}],"wp:attachment":[{"href":"https:\/\/vvu.ab6.mytemp.website\/bks\/wp-json\/wp\/v2\/media?parent=29"}],"curies":[{"name":"wp","href":"https:\/\/api.w.org\/{rel}","templated":true}]}}