{"id":19,"date":"2025-06-20T08:59:19","date_gmt":"2025-06-20T08:59:19","guid":{"rendered":"https:\/\/vvu.ab6.mytemp.website\/bks\/?page_id=19"},"modified":"2025-06-20T09:13:55","modified_gmt":"2025-06-20T09:13:55","slug":"home","status":"publish","type":"page","link":"https:\/\/vvu.ab6.mytemp.website\/bks\/","title":{"rendered":"Home"},"content":{"rendered":"\t\t<div data-elementor-type=\"wp-page\" data-elementor-id=\"19\" class=\"elementor elementor-19\">\n\t\t\t\t<div class=\"elementor-element elementor-element-4346a0d e-flex e-con-boxed e-con e-parent\" data-id=\"4346a0d\" data-element_type=\"container\" data-e-type=\"container\" data-settings=\"{&quot;background_background&quot;:&quot;classic&quot;}\">\n\t\t\t\t\t<div class=\"e-con-inner\">\n\t\t<div class=\"elementor-element elementor-element-791dccc e-con-full e-flex e-con e-child\" data-id=\"791dccc\" data-element_type=\"container\" data-e-type=\"container\">\n\t\t\t\t<div class=\"elementor-element elementor-element-d621fab elementor-widget elementor-widget-heading\" data-id=\"d621fab\" data-element_type=\"widget\" data-e-type=\"widget\" data-widget_type=\"heading.default\">\n\t\t\t\t<div class=\"elementor-widget-container\">\n\t\t\t\t\t<h1 class=\"elementor-heading-title elementor-size-default\">K\u00ebtu mund t\u00eb bleni polic\u00ebn e sigurimit kufitar p\u00ebr automjetin tuaj<\/h1>\t\t\t\t<\/div>\n\t\t\t\t<\/div>\n\t\t\t\t<div class=\"elementor-element elementor-element-f693630 elementor-widget elementor-widget-button\" data-id=\"f693630\" data-element_type=\"widget\" data-e-type=\"widget\" data-widget_type=\"button.default\">\n\t\t\t\t<div class=\"elementor-widget-container\">\n\t\t\t\t\t\t\t\t\t<div class=\"elementor-button-wrapper\">\n\t\t\t\t\t<a class=\"elementor-button elementor-button-link elementor-size-sm\" href=\"https:\/\/api.bks-ks.org\/PolicaOnline\/\">\n\t\t\t\t\t\t<span class=\"elementor-button-content-wrapper\">\n\t\t\t\t\t\t\t\t\t<span class=\"elementor-button-text\">Polica Kufitare Online<\/span>\n\t\t\t\t\t<\/span>\n\t\t\t\t\t<\/a>\n\t\t\t\t<\/div>\n\t\t\t\t\t\t\t\t<\/div>\n\t\t\t\t<\/div>\n\t\t\t\t<\/div>\n\t\t<div class=\"elementor-element elementor-element-bd08910 e-con-full e-flex e-con e-child\" data-id=\"bd08910\" data-element_type=\"container\" data-e-type=\"container\">\n\t\t\t\t<div class=\"elementor-element elementor-element-60e6e8f elementor-widget elementor-widget-image\" data-id=\"60e6e8f\" data-element_type=\"widget\" data-e-type=\"widget\" data-widget_type=\"image.default\">\n\t\t\t\t<div class=\"elementor-widget-container\">\n\t\t\t\t\t\t\t\t\t\t\t\t\t\t\t<img fetchpriority=\"high\" decoding=\"async\" width=\"800\" height=\"559\" src=\"https:\/\/vvu.ab6.mytemp.website\/bks\/wp-content\/uploads\/2025\/06\/slideroldweb-1024x716.jpg\" class=\"attachment-large size-large wp-image-22\" alt=\"\" srcset=\"https:\/\/vvu.ab6.mytemp.website\/bks\/wp-content\/uploads\/2025\/06\/slideroldweb-1024x716.jpg 1024w, https:\/\/vvu.ab6.mytemp.website\/bks\/wp-content\/uploads\/2025\/06\/slideroldweb-300x210.jpg 300w, https:\/\/vvu.ab6.mytemp.website\/bks\/wp-content\/uploads\/2025\/06\/slideroldweb-768x537.jpg 768w, https:\/\/vvu.ab6.mytemp.website\/bks\/wp-content\/uploads\/2025\/06\/slideroldweb-1536x1074.jpg 1536w, https:\/\/vvu.ab6.mytemp.website\/bks\/wp-content\/uploads\/2025\/06\/slideroldweb-2048x1432.jpg 2048w\" sizes=\"(max-width: 800px) 100vw, 800px\" \/>\t\t\t\t\t\t\t\t\t\t\t\t\t\t\t<\/div>\n\t\t\t\t<\/div>\n\t\t\t\t<\/div>\n\t\t\t\t\t<\/div>\n\t\t\t\t<\/div>\n\t\t<div class=\"elementor-element elementor-element-0550e6b e-flex e-con-boxed e-con e-parent\" data-id=\"0550e6b\" data-element_type=\"container\" data-e-type=\"container\" data-settings=\"{&quot;background_background&quot;:&quot;classic&quot;}\">\n\t\t\t\t\t<div class=\"e-con-inner\">\n\t\t\t\t\t<\/div>\n\t\t\t\t<\/div>\n\t\t<div class=\"elementor-element elementor-element-1043c5c e-flex e-con-boxed e-con e-parent\" data-id=\"1043c5c\" data-element_type=\"container\" data-e-type=\"container\">\n\t\t\t\t\t<div class=\"e-con-inner\">\n\t\t\t\t<div class=\"elementor-element elementor-element-c867a62 elementor-widget elementor-widget-heading\" data-id=\"c867a62\" data-element_type=\"widget\" data-e-type=\"widget\" data-widget_type=\"heading.default\">\n\t\t\t\t<div class=\"elementor-widget-container\">\n\t\t\t\t\t<h1 class=\"elementor-heading-title elementor-size-default\">Njoftim, webfaqja e BKS \u00ebsht\u00eb n\u00eb zhvillim e siper<\/h1>\t\t\t\t<\/div>\n\t\t\t\t<\/div>\n\t\t\t\t<div class=\"elementor-element elementor-element-e14e6ce elementor-widget elementor-widget-text-editor\" data-id=\"e14e6ce\" data-element_type=\"widget\" data-e-type=\"widget\" data-widget_type=\"text-editor.default\">\n\t\t\t\t<div class=\"elementor-widget-container\">\n\t\t\t\t\t\t\t\t\t<p>Byroja Kosovare e Sigurimit (BKS) \u00ebsht\u00eb duke avancuar faqen e saj zyrtare p\u00ebr t\u00eb ofruar nj\u00eb p\u00ebrvoj\u00eb m\u00eb t\u00eb mir\u00eb p\u00ebr p\u00ebrdoruesit, me qasje m\u00eb t\u00eb leht\u00eb n\u00eb informacion, transparenc\u00eb m\u00eb t\u00eb lart\u00eb dhe sh\u00ebrbime digjitale t\u00eb p\u00ebrmir\u00ebsuara.<\/p>\t\t\t\t\t\t\t\t<\/div>\n\t\t\t\t<\/div>\n\t\t\t\t\t<\/div>\n\t\t\t\t<\/div>\n\t\t<div class=\"elementor-element elementor-element-9ca5a3c e-flex e-con-boxed e-con e-parent\" data-id=\"9ca5a3c\" data-element_type=\"container\" data-e-type=\"container\">\n\t\t\t\t\t<div class=\"e-con-inner\">\n\t\t<div class=\"elementor-element elementor-element-7b7c53e e-con-full e-flex e-con e-child\" data-id=\"7b7c53e\" data-element_type=\"container\" data-e-type=\"container\">\n\t\t\t\t<div class=\"elementor-element elementor-element-ef9314d elementor-position-top elementor-widget elementor-widget-image-box\" data-id=\"ef9314d\" data-element_type=\"widget\" data-e-type=\"widget\" data-widget_type=\"image-box.default\">\n\t\t\t\t<div class=\"elementor-widget-container\">\n\t\t\t\t\t<div class=\"elementor-image-box-wrapper\"><figure class=\"elementor-image-box-img\"><img decoding=\"async\" width=\"109\" height=\"108\" src=\"https:\/\/vvu.ab6.mytemp.website\/bks\/wp-content\/uploads\/2025\/06\/Circle-1.png\" class=\"attachment-full size-full wp-image-23\" alt=\"\" \/><\/figure><div class=\"elementor-image-box-content\"><h3 class=\"elementor-image-box-title\">Telefoni<\/h3><p class=\"elementor-image-box-description\">Nr. Tel:038 605 604\nAdresa:\nMagjistralja Prishtin\u00eb-Fush\u00eb Kosov\u00eb Rr.Lidhja e Pej\u00ebs p.n<\/p><\/div><\/div>\t\t\t\t<\/div>\n\t\t\t\t<\/div>\n\t\t\t\t<\/div>\n\t\t<div class=\"elementor-element elementor-element-838868c e-con-full e-flex e-con e-child\" data-id=\"838868c\" data-element_type=\"container\" data-e-type=\"container\">\n\t\t\t\t<div class=\"elementor-element elementor-element-a074cc5 elementor-position-top elementor-widget elementor-widget-image-box\" data-id=\"a074cc5\" data-element_type=\"widget\" data-e-type=\"widget\" data-widget_type=\"image-box.default\">\n\t\t\t\t<div class=\"elementor-widget-container\">\n\t\t\t\t\t<div class=\"elementor-image-box-wrapper\"><figure class=\"elementor-image-box-img\"><img decoding=\"async\" width=\"109\" height=\"108\" src=\"https:\/\/vvu.ab6.mytemp.website\/bks\/wp-content\/uploads\/2025\/06\/Circle-2.png\" class=\"attachment-full size-full wp-image-24\" alt=\"\" \/><\/figure><div class=\"elementor-image-box-content\"><h3 class=\"elementor-image-box-title\">Email<\/h3><p class=\"elementor-image-box-description\">info@bks-ks.org <br \/>\nQendra Informative: <br \/>\ninfocenter@bks-ks.org<\/p><\/div><\/div>\t\t\t\t<\/div>\n\t\t\t\t<\/div>\n\t\t\t\t<\/div>\n\t\t<div class=\"elementor-element elementor-element-82a8d2f e-con-full e-flex e-con e-child\" data-id=\"82a8d2f\" data-element_type=\"container\" data-e-type=\"container\">\n\t\t\t\t<div class=\"elementor-element elementor-element-851864f elementor-position-top elementor-widget elementor-widget-image-box\" data-id=\"851864f\" data-element_type=\"widget\" data-e-type=\"widget\" data-widget_type=\"image-box.default\">\n\t\t\t\t<div class=\"elementor-widget-container\">\n\t\t\t\t\t<div class=\"elementor-image-box-wrapper\"><figure class=\"elementor-image-box-img\"><img loading=\"lazy\" decoding=\"async\" width=\"109\" height=\"108\" src=\"https:\/\/vvu.ab6.mytemp.website\/bks\/wp-content\/uploads\/2025\/06\/Circle-3.png\" class=\"attachment-full size-full wp-image-25\" alt=\"\" \/><\/figure><div class=\"elementor-image-box-content\"><h3 class=\"elementor-image-box-title\">Ankesat<\/h3><p class=\"elementor-image-box-description\">Emaili i Ankesave: <br \/>\nankesat@bks-ks.org<\/p><\/div><\/div>\t\t\t\t<\/div>\n\t\t\t\t<\/div>\n\t\t\t\t<\/div>\n\t\t\t\t\t<\/div>\n\t\t\t\t<\/div>\n\t\t<div class=\"elementor-element elementor-element-1c90c28 e-flex e-con-boxed e-con e-parent\" data-id=\"1c90c28\" data-element_type=\"container\" data-e-type=\"container\" data-settings=\"{&quot;background_background&quot;:&quot;classic&quot;}\">\n\t\t\t\t\t<div class=\"e-con-inner\">\n\t\t\t\t\t<\/div>\n\t\t\t\t<\/div>\n\t\t<div class=\"elementor-element elementor-element-6b9a063 e-flex e-con-boxed e-con e-parent\" data-id=\"6b9a063\" data-element_type=\"container\" data-e-type=\"container\" data-settings=\"{&quot;background_background&quot;:&quot;classic&quot;}\">\n\t\t\t\t\t<div class=\"e-con-inner\">\n\t\t\t\t<div class=\"elementor-element elementor-element-5f2cdd1 elementor-widget elementor-widget-heading\" data-id=\"5f2cdd1\" data-element_type=\"widget\" data-e-type=\"widget\" data-widget_type=\"heading.default\">\n\t\t\t\t<div class=\"elementor-widget-container\">\n\t\t\t\t\t<h1 class=\"elementor-heading-title elementor-size-default\">Byroja Kosovare e Sigurimit (BKS)<\/h1>\t\t\t\t<\/div>\n\t\t\t\t<\/div>\n\t\t\t\t<div class=\"elementor-element elementor-element-a2d4d4b elementor-widget elementor-widget-text-editor\" data-id=\"a2d4d4b\" data-element_type=\"widget\" data-e-type=\"widget\" data-widget_type=\"text-editor.default\">\n\t\t\t\t<div class=\"elementor-widget-container\">\n\t\t\t\t\t\t\t\t\t<p>\u200bByroja Kosovare e Sigurimit (BKS) \u00ebsht\u00eb nj\u00eb organizat\u00eb profesionale jofitimprur\u00ebse me status juridik, e cila operon n\u00eb p\u00ebrputhje me Ligjin Nr. 04\/L-018 p\u00ebr Sigurimin e Detyruesh\u00ebm nga Autop\u00ebrgjegj\u00ebsia, t\u00eb publikuar n\u00eb Gazet\u00ebn Zyrtare t\u00eb Republik\u00ebs s\u00eb Kosov\u00ebs m\u00eb 14 korrik 2011. Qeveria e Republik\u00ebs s\u00eb Kosov\u00ebs e njeh BKS-n\u00eb si Byron\u00eb Komb\u00ebtare t\u00eb Sigurimit me t\u00eb drejta t\u00eb plota si Byro Paguese dhe Byro Trajtuese, duke garantuar p\u00ebrmbushjen e t\u00eb gjitha detyrimeve q\u00eb rrjedhin nga sistemi nd\u00ebrkomb\u00ebtar i kartonit t\u00eb gjelb\u00ebr.<br draggable=\"true\" \/><br draggable=\"true\" \/>BKS financohet nga an\u00ebtar\u00ebt e saj dhe veprimtaria e saj mbik\u00ebqyret nga Banka Qendrore e Kosov\u00ebs. N\u00eb kuad\u00ebr t\u00eb BKS-s\u00eb funksionojn\u00eb:\u200b<br draggable=\"true\" \/>Fondi i Kompensimit\u200b<br draggable=\"true\" \/>Sigurimi Kufitar\u200b Aksidentet rrugore<br draggable=\"true\" \/>Qendra Informative<br draggable=\"true\" \/>Sistemi i Kartonit t\u00eb Gjelb\u00ebr<br draggable=\"true\" \/><br draggable=\"true\" \/><\/p><h2>An\u00ebtar\u00ebt e BKS-s\u00eb p\u00ebrfshijn\u00eb kompanit\u00eb e m\u00ebposhtme t\u00eb sigurimeve<\/h2><p>\u200bKS Dukagjini\u200b KS<br \/>KS Elsig<br \/>\u200bKS EuroSig<br \/>KS Illyria\u200b<br \/>KS Prisig\u200b<br \/>KS Scardian\u200b<br \/>KS SIGAL UNIQA<br \/>KS Sigkos\u200b<br \/>KS SIGMA\u200b<br \/>KS Siguria<\/p>\t\t\t\t\t\t\t\t<\/div>\n\t\t\t\t<\/div>\n\t\t\t\t\t<\/div>\n\t\t\t\t<\/div>\n\t\t\t\t<\/div>\n\t\t","protected":false},"excerpt":{"rendered":"<p>K\u00ebtu mund t\u00eb bleni polic\u00ebn e sigurimit kufitar p\u00ebr automjetin tuaj Polica Kufitare Online Njoftim, webfaqja e BKS \u00ebsht\u00eb n\u00eb zhvillim e siper Byroja Kosovare e Sigurimit (BKS) \u00ebsht\u00eb duke avancuar faqen e saj zyrtare p\u00ebr t\u00eb ofruar nj\u00eb p\u00ebrvoj\u00eb m\u00eb t\u00eb mir\u00eb p\u00ebr p\u00ebrdoruesit, me qasje m\u00eb t\u00eb leht\u00eb n\u00eb informacion, transparenc\u00eb m\u00eb t\u00eb [&hellip;]<\/p>\n","protected":false},"author":1,"featured_media":0,"parent":0,"menu_order":0,"comment_status":"closed","ping_status":"closed","template":"","meta":{"footnotes":""},"class_list":["post-19","page","type-page","status-publish","hentry"],"_links":{"self":[{"href":"https:\/\/vvu.ab6.mytemp.website\/bks\/wp-json\/wp\/v2\/pages\/19","targetHints":{"allow":["GET"]}}],"collection":[{"href":"https:\/\/vvu.ab6.mytemp.website\/bks\/wp-json\/wp\/v2\/pages"}],"about":[{"href":"https:\/\/vvu.ab6.mytemp.website\/bks\/wp-json\/wp\/v2\/types\/page"}],"author":[{"embeddable":true,"href":"https:\/\/vvu.ab6.mytemp.website\/bks\/wp-json\/wp\/v2\/users\/1"}],"replies":[{"embeddable":true,"href":"https:\/\/vvu.ab6.mytemp.website\/bks\/wp-json\/wp\/v2\/comments?post=19"}],"version-history":[{"count":4,"href":"https:\/\/vvu.ab6.mytemp.website\/bks\/wp-json\/wp\/v2\/pages\/19\/revisions"}],"predecessor-version":[{"id":28,"href":"https:\/\/vvu.ab6.mytemp.website\/bks\/wp-json\/wp\/v2\/pages\/19\/revisions\/28"}],"wp:attachment":[{"href":"https:\/\/vvu.ab6.mytemp.website\/bks\/wp-json\/wp\/v2\/media?parent=19"}],"curies":[{"name":"wp","href":"https:\/\/api.w.org\/{rel}","templated":true}]}}